{"id":229,"date":"2025-03-18T12:42:31","date_gmt":"2025-03-18T15:42:31","guid":{"rendered":"https:\/\/visachi.com.br\/blog\/?page_id=229"},"modified":"2025-05-24T19:00:20","modified_gmt":"2025-05-24T22:00:20","slug":"home","status":"publish","type":"page","link":"https:\/\/visachi.com.br\/blog\/","title":{"rendered":"Home"},"content":{"rendered":"\t\t<div data-elementor-type=\"wp-page\" data-elementor-id=\"229\" class=\"elementor elementor-229\">\n\t\t\t\t\t\t<section class=\"elementor-section elementor-top-section elementor-element elementor-element-7b99392 elementor-section-full_width elementor-section-height-default elementor-section-height-default wpr-particle-no wpr-jarallax-no wpr-parallax-no wpr-sticky-section-no\" data-id=\"7b99392\" data-element_type=\"section\">\n\t\t\t\t\t\t<div class=\"elementor-container elementor-column-gap-default\">\n\t\t\t\t\t<div class=\"elementor-column elementor-col-100 elementor-top-column elementor-element elementor-element-b6ff34c\" data-id=\"b6ff34c\" data-element_type=\"column\">\n\t\t\t<div class=\"elementor-widget-wrap elementor-element-populated\">\n\t\t\t\t\t\t<div class=\"elementor-element elementor-element-2ab465d elementor-arrows-position-inside elementor-pagination-position-outside elementor-widget elementor-widget-image-carousel\" data-id=\"2ab465d\" data-element_type=\"widget\" data-settings=\"{&quot;slides_to_show&quot;:&quot;1&quot;,&quot;navigation&quot;:&quot;both&quot;,&quot;autoplay&quot;:&quot;yes&quot;,&quot;pause_on_hover&quot;:&quot;yes&quot;,&quot;pause_on_interaction&quot;:&quot;yes&quot;,&quot;autoplay_speed&quot;:5000,&quot;infinite&quot;:&quot;yes&quot;,&quot;effect&quot;:&quot;slide&quot;,&quot;speed&quot;:500}\" data-widget_type=\"image-carousel.default\">\n\t\t\t\t<div class=\"elementor-widget-container\">\n\t\t\t\t\t\t\t<div class=\"elementor-image-carousel-wrapper swiper\" role=\"region\" aria-roledescription=\"carousel\" aria-label=\"Carrossel de imagens\" dir=\"ltr\">\n\t\t\t<div class=\"elementor-image-carousel swiper-wrapper\" aria-live=\"off\">\n\t\t\t\t\t\t\t\t<div class=\"swiper-slide\" role=\"group\" aria-roledescription=\"slide\" aria-label=\"1 de 1\"><figure class=\"swiper-slide-inner\"><img decoding=\"async\" class=\"swiper-slide-image\" src=\"https:\/\/visachi.com.br\/blog\/wp-content\/uploads\/2025\/05\/Banner-Saches-na-mesa.jpg\" alt=\"Banner - Sach\u00eas na mesa\" \/><\/figure><\/div>\t\t\t<\/div>\n\t\t\t\t\t<\/div>\n\t\t\t\t\t\t<\/div>\n\t\t\t\t<\/div>\n\t\t\t\t\t<\/div>\n\t\t<\/div>\n\t\t\t\t\t<\/div>\n\t\t<\/section>\n\t\t\t\t<section class=\"elementor-section elementor-top-section elementor-element elementor-element-8b039d2 elementor-section-boxed elementor-section-height-default elementor-section-height-default wpr-particle-no wpr-jarallax-no wpr-parallax-no wpr-sticky-section-no elementor-invisible\" data-id=\"8b039d2\" data-element_type=\"section\" data-settings=\"{&quot;background_background&quot;:&quot;classic&quot;,&quot;animation&quot;:&quot;bounceInRight&quot;}\">\n\t\t\t\t\t\t<div class=\"elementor-container elementor-column-gap-default\">\n\t\t\t\t\t<div class=\"elementor-column elementor-col-50 elementor-top-column elementor-element elementor-element-97cbc0f\" data-id=\"97cbc0f\" data-element_type=\"column\">\n\t\t\t<div class=\"elementor-widget-wrap elementor-element-populated\">\n\t\t\t\t\t\t<div class=\"elementor-element elementor-element-81b923f elementor-widget elementor-widget-image\" data-id=\"81b923f\" data-element_type=\"widget\" data-widget_type=\"image.default\">\n\t\t\t\t<div class=\"elementor-widget-container\">\n\t\t\t\t\t\t\t\t\t\t\t\t\t\t\t<img fetchpriority=\"high\" decoding=\"async\" width=\"800\" height=\"624\" src=\"https:\/\/visachi.com.br\/blog\/wp-content\/uploads\/2025\/05\/imagem_aproximar_clientes.jpg\" class=\"attachment-large size-large wp-image-294\" alt=\"\" srcset=\"https:\/\/visachi.com.br\/blog\/wp-content\/uploads\/2025\/05\/imagem_aproximar_clientes.jpg 800w, https:\/\/visachi.com.br\/blog\/wp-content\/uploads\/2025\/05\/imagem_aproximar_clientes-300x234.jpg 300w, https:\/\/visachi.com.br\/blog\/wp-content\/uploads\/2025\/05\/imagem_aproximar_clientes-768x599.jpg 768w\" sizes=\"(max-width: 800px) 100vw, 800px\" \/>\t\t\t\t\t\t\t\t\t\t\t\t\t\t\t<\/div>\n\t\t\t\t<\/div>\n\t\t\t\t\t<\/div>\n\t\t<\/div>\n\t\t\t\t<div class=\"elementor-column elementor-col-50 elementor-top-column elementor-element elementor-element-6a0088a\" data-id=\"6a0088a\" data-element_type=\"column\">\n\t\t\t<div class=\"elementor-widget-wrap elementor-element-populated\">\n\t\t\t\t\t\t<div class=\"elementor-element elementor-element-5c9f454 elementor-widget elementor-widget-heading\" data-id=\"5c9f454\" data-element_type=\"widget\" data-widget_type=\"heading.default\">\n\t\t\t\t<div class=\"elementor-widget-container\">\n\t\t\t\t\t<h3 class=\"elementor-heading-title elementor-size-default\">A maneira mais deliciosa de conectar-se com seus clientes e amigos!<\/h3>\t\t\t\t<\/div>\n\t\t\t\t<\/div>\n\t\t\t\t<div class=\"elementor-element elementor-element-2abc0ff elementor-widget elementor-widget-text-editor\" data-id=\"2abc0ff\" data-element_type=\"widget\" data-widget_type=\"text-editor.default\">\n\t\t\t\t<div class=\"elementor-widget-container\">\n\t\t\t\t\t\t\t\t\t<p>Descubra a oportunidade de oferecer <strong>bebidas de alta qualidade<\/strong> de forma <strong>pr\u00e1tica e sem desperd\u00edcios<\/strong>. Substitua o caf\u00e9 coado ou as c\u00e1psulas tradicionais por uma <strong>bebida saborosa, f\u00e1cil de preparar e com um pre\u00e7o justo<\/strong>. Nossos sach\u00eas s\u00e3o feitos de p\u00f3 sol\u00favel em \u00e1gua e <strong>n\u00e3o requerem m\u00e1quinas<\/strong> especiais, tornando a experi\u00eancia ainda mais acess\u00edvel.<\/p><p>Al\u00e9m disso, apresentamos nossa linha institucional com pacotes de 1kg, perfeita para estabelecimentos que utilizam m\u00e1quinas vending ou para locais de grande consumo, como caf\u00e9s, lanchonetes e padarias. <strong>Agregue valor ao seu neg\u00f3cio<\/strong> e proporcione momentos especiais aos seus clientes com a qualidade <strong>Visachi<\/strong>!<\/p>\t\t\t\t\t\t\t\t<\/div>\n\t\t\t\t<\/div>\n\t\t\t\t\t<\/div>\n\t\t<\/div>\n\t\t\t\t\t<\/div>\n\t\t<\/section>\n\t\t\t\t<section class=\"elementor-section elementor-top-section elementor-element elementor-element-9664293 elementor-section-boxed elementor-section-height-default elementor-section-height-default wpr-particle-no wpr-jarallax-no wpr-parallax-no wpr-sticky-section-no elementor-invisible\" data-id=\"9664293\" data-element_type=\"section\" data-settings=\"{&quot;background_background&quot;:&quot;classic&quot;,&quot;animation&quot;:&quot;slideInUp&quot;}\">\n\t\t\t\t\t\t<div class=\"elementor-container elementor-column-gap-default\">\n\t\t\t\t\t<div class=\"elementor-column elementor-col-33 elementor-top-column elementor-element elementor-element-96cd426 animated-slow elementor-invisible\" data-id=\"96cd426\" data-element_type=\"column\" data-settings=\"{&quot;background_background&quot;:&quot;classic&quot;,&quot;animation&quot;:&quot;bounceInUp&quot;}\">\n\t\t\t<div class=\"elementor-widget-wrap elementor-element-populated\">\n\t\t\t\t\t\t<div class=\"elementor-element elementor-element-3cf2376 elementor-view-framed elementor-shape-circle elementor-position-top elementor-mobile-position-top elementor-widget elementor-widget-icon-box\" data-id=\"3cf2376\" data-element_type=\"widget\" data-widget_type=\"icon-box.default\">\n\t\t\t\t<div class=\"elementor-widget-container\">\n\t\t\t\t\t\t\t<div class=\"elementor-icon-box-wrapper\">\n\n\t\t\t\t\t\t<div class=\"elementor-icon-box-icon\">\n\t\t\t\t<span  class=\"elementor-icon\">\n\t\t\t\t<i aria-hidden=\"true\" class=\"fas fa-coffee\"><\/i>\t\t\t\t<\/span>\n\t\t\t<\/div>\n\t\t\t\n\t\t\t\t\t\t<div class=\"elementor-icon-box-content\">\n\n\t\t\t\t\t\t\t\t\t<h3 class=\"elementor-icon-box-title\">\n\t\t\t\t\t\t<span  >\n\t\t\t\t\t\t\tEncantamento\t\t\t\t\t\t<\/span>\n\t\t\t\t\t<\/h3>\n\t\t\t\t\n\t\t\t\t\t\t\t\t\t<p class=\"elementor-icon-box-description\">\n\t\t\t\t\t\tSeja marcante, encante seus clientes\n\ne colaboradores servindo produtos\n\ncom a m\u00e1xima qualidade.\t\t\t\t\t<\/p>\n\t\t\t\t\n\t\t\t<\/div>\n\t\t\t\n\t\t<\/div>\n\t\t\t\t\t\t<\/div>\n\t\t\t\t<\/div>\n\t\t\t\t\t<\/div>\n\t\t<\/div>\n\t\t\t\t<div class=\"elementor-column elementor-col-33 elementor-top-column elementor-element elementor-element-f1d8cfe animated-slow elementor-invisible\" data-id=\"f1d8cfe\" data-element_type=\"column\" data-settings=\"{&quot;background_background&quot;:&quot;classic&quot;,&quot;animation&quot;:&quot;bounceInUp&quot;,&quot;animation_delay&quot;:200}\">\n\t\t\t<div class=\"elementor-widget-wrap elementor-element-populated\">\n\t\t\t\t\t\t<div class=\"elementor-element elementor-element-c5e2c78 elementor-view-framed elementor-shape-circle elementor-position-top elementor-mobile-position-top elementor-widget elementor-widget-icon-box\" data-id=\"c5e2c78\" data-element_type=\"widget\" data-widget_type=\"icon-box.default\">\n\t\t\t\t<div class=\"elementor-widget-container\">\n\t\t\t\t\t\t\t<div class=\"elementor-icon-box-wrapper\">\n\n\t\t\t\t\t\t<div class=\"elementor-icon-box-icon\">\n\t\t\t\t<span  class=\"elementor-icon\">\n\t\t\t\t<i aria-hidden=\"true\" class=\"fas fa-clock\"><\/i>\t\t\t\t<\/span>\n\t\t\t<\/div>\n\t\t\t\n\t\t\t\t\t\t<div class=\"elementor-icon-box-content\">\n\n\t\t\t\t\t\t\t\t\t<h3 class=\"elementor-icon-box-title\">\n\t\t\t\t\t\t<span  >\n\t\t\t\t\t\t\tPraticidade\t\t\t\t\t\t<\/span>\n\t\t\t\t\t<\/h3>\n\t\t\t\t\n\t\t\t\t\t\t\t\t\t<p class=\"elementor-icon-box-description\">\n\t\t\t\t\t\tR\u00e1pido e muito f\u00e1cil de preparar,\n\nbasta adicionar \u00e1gua quente,\n\nsem sujeira e sem desperd\u00edcios.\t\t\t\t\t<\/p>\n\t\t\t\t\n\t\t\t<\/div>\n\t\t\t\n\t\t<\/div>\n\t\t\t\t\t\t<\/div>\n\t\t\t\t<\/div>\n\t\t\t\t\t<\/div>\n\t\t<\/div>\n\t\t\t\t<div class=\"elementor-column elementor-col-33 elementor-top-column elementor-element elementor-element-c8a8367 animated-slow elementor-invisible\" data-id=\"c8a8367\" data-element_type=\"column\" data-settings=\"{&quot;background_background&quot;:&quot;classic&quot;,&quot;animation&quot;:&quot;bounceInUp&quot;,&quot;animation_delay&quot;:400}\">\n\t\t\t<div class=\"elementor-widget-wrap elementor-element-populated\">\n\t\t\t\t\t\t<div class=\"elementor-element elementor-element-0f881b7 elementor-view-framed elementor-shape-circle elementor-position-top elementor-mobile-position-top elementor-widget elementor-widget-icon-box\" data-id=\"0f881b7\" data-element_type=\"widget\" data-widget_type=\"icon-box.default\">\n\t\t\t\t<div class=\"elementor-widget-container\">\n\t\t\t\t\t\t\t<div class=\"elementor-icon-box-wrapper\">\n\n\t\t\t\t\t\t<div class=\"elementor-icon-box-icon\">\n\t\t\t\t<span  class=\"elementor-icon\">\n\t\t\t\t<i aria-hidden=\"true\" class=\"fas fa-money-bill-alt\"><\/i>\t\t\t\t<\/span>\n\t\t\t<\/div>\n\t\t\t\n\t\t\t\t\t\t<div class=\"elementor-icon-box-content\">\n\n\t\t\t\t\t\t\t\t\t<h3 class=\"elementor-icon-box-title\">\n\t\t\t\t\t\t<span  >\n\t\t\t\t\t\t\tEconomia\t\t\t\t\t\t<\/span>\n\t\t\t\t\t<\/h3>\n\t\t\t\t\n\t\t\t\t\t\t\t\t\t<p class=\"elementor-icon-box-description\">\n\t\t\t\t\t\tSem precisar sair de casa ou\n\ndo trabalho e uma dose pode sair\n\npor menos de 60 centavos.\t\t\t\t\t<\/p>\n\t\t\t\t\n\t\t\t<\/div>\n\t\t\t\n\t\t<\/div>\n\t\t\t\t\t\t<\/div>\n\t\t\t\t<\/div>\n\t\t\t\t\t<\/div>\n\t\t<\/div>\n\t\t\t\t\t<\/div>\n\t\t<\/section>\n\t\t\t\t<section class=\"elementor-section elementor-top-section elementor-element elementor-element-68b8723 elementor-section-boxed elementor-section-height-default elementor-section-height-default wpr-particle-no wpr-jarallax-no wpr-parallax-no wpr-sticky-section-no elementor-invisible\" data-id=\"68b8723\" data-element_type=\"section\" data-settings=\"{&quot;background_background&quot;:&quot;classic&quot;,&quot;animation&quot;:&quot;bounceInLeft&quot;}\">\n\t\t\t\t\t\t<div class=\"elementor-container elementor-column-gap-default\">\n\t\t\t\t\t<div class=\"elementor-column elementor-col-50 elementor-top-column elementor-element elementor-element-76bd11f\" data-id=\"76bd11f\" data-element_type=\"column\">\n\t\t\t<div class=\"elementor-widget-wrap elementor-element-populated\">\n\t\t\t\t\t\t<div class=\"elementor-element elementor-element-52b0462 elementor-widget elementor-widget-heading\" data-id=\"52b0462\" data-element_type=\"widget\" data-widget_type=\"heading.default\">\n\t\t\t\t<div class=\"elementor-widget-container\">\n\t\t\t\t\t<h3 class=\"elementor-heading-title elementor-size-default\">Descubra a praticidade e o sabor dos produtos Visachi!<\/h3>\t\t\t\t<\/div>\n\t\t\t\t<\/div>\n\t\t\t\t<div class=\"elementor-element elementor-element-d5774f9 elementor-widget elementor-widget-text-editor\" data-id=\"d5774f9\" data-element_type=\"widget\" data-widget_type=\"text-editor.default\">\n\t\t\t\t<div class=\"elementor-widget-container\">\n\t\t\t\t\t\t\t\t\t<p>Experimente nossos <strong>sach\u00eas de dose individual<\/strong>, perfeitos para preparar uma bebida deliciosa em qualquer lugar, <strong>sem desperd\u00edcios e sem m\u00e1quinas<\/strong>. O sabor que cabe no seu bolso!<\/p><p>Conhe\u00e7a tamb\u00e9m os <strong>pouches com zip<\/strong>, que rendem aproximadamente 15 doses, oferecendo uma op\u00e7\u00e3o <strong>econ\u00f4mica e pr\u00e1tica<\/strong>. Basta adicionar \u00e1gua e surpreenda-se!<\/p><p>Para atender \u00e0 alta demanda do seu neg\u00f3cio, nossa <strong>linha vending<\/strong> com embalagens de 1kg \u00e9 ideal para padarias e cafeterias, garantindo agilidade no atendimento sem abrir m\u00e3o da qualidade.<\/p><p>Desenvolvidas por uma nutricionista, nossas formula\u00e7\u00f5es priorizam a<strong> sa\u00fade e o bem-estar<\/strong>. A <strong>Visachi<\/strong> utiliza apenas<strong> mat\u00e9rias-primas de primeira linha<\/strong>, evitando problemas nas m\u00e1quinas vending.<\/p>\t\t\t\t\t\t\t\t<\/div>\n\t\t\t\t<\/div>\n\t\t\t\t\t<\/div>\n\t\t<\/div>\n\t\t\t\t<div class=\"elementor-column elementor-col-50 elementor-top-column elementor-element elementor-element-b8ee088\" data-id=\"b8ee088\" data-element_type=\"column\">\n\t\t\t<div class=\"elementor-widget-wrap elementor-element-populated\">\n\t\t\t\t\t\t<div class=\"elementor-element elementor-element-69023f9 elementor-widget elementor-widget-image\" data-id=\"69023f9\" data-element_type=\"widget\" data-widget_type=\"image.default\">\n\t\t\t\t<div class=\"elementor-widget-container\">\n\t\t\t\t\t\t\t\t\t\t\t\t\t\t\t<img decoding=\"async\" width=\"800\" height=\"624\" src=\"https:\/\/visachi.com.br\/blog\/wp-content\/uploads\/2025\/05\/foto_saches_destaque.jpg\" class=\"attachment-large size-large wp-image-300\" alt=\"\" srcset=\"https:\/\/visachi.com.br\/blog\/wp-content\/uploads\/2025\/05\/foto_saches_destaque.jpg 800w, https:\/\/visachi.com.br\/blog\/wp-content\/uploads\/2025\/05\/foto_saches_destaque-300x234.jpg 300w, https:\/\/visachi.com.br\/blog\/wp-content\/uploads\/2025\/05\/foto_saches_destaque-768x599.jpg 768w\" sizes=\"(max-width: 800px) 100vw, 800px\" \/>\t\t\t\t\t\t\t\t\t\t\t\t\t\t\t<\/div>\n\t\t\t\t<\/div>\n\t\t\t\t\t<\/div>\n\t\t<\/div>\n\t\t\t\t\t<\/div>\n\t\t<\/section>\n\t\t\t\t<section class=\"elementor-section elementor-top-section elementor-element elementor-element-25616fa elementor-section-boxed elementor-section-height-default elementor-section-height-default wpr-particle-no wpr-jarallax-no wpr-parallax-no wpr-sticky-section-no elementor-invisible\" data-id=\"25616fa\" data-element_type=\"section\" data-settings=\"{&quot;animation&quot;:&quot;zoomInUp&quot;}\">\n\t\t\t\t\t\t<div class=\"elementor-container elementor-column-gap-default\">\n\t\t\t\t\t<div class=\"elementor-column elementor-col-100 elementor-top-column elementor-element elementor-element-003cb6b\" data-id=\"003cb6b\" data-element_type=\"column\">\n\t\t\t<div class=\"elementor-widget-wrap elementor-element-populated\">\n\t\t\t\t\t\t<div class=\"elementor-element elementor-element-4e5dea8 elementor-align-center elementor-widget elementor-widget-button\" data-id=\"4e5dea8\" data-element_type=\"widget\" data-widget_type=\"button.default\">\n\t\t\t\t<div class=\"elementor-widget-container\">\n\t\t\t\t\t\t\t\t\t<div class=\"elementor-button-wrapper\">\n\t\t\t\t\t<a class=\"elementor-button elementor-button-link elementor-size-sm\" href=\"https:\/\/loja.visachi.com.br\/\">\n\t\t\t\t\t\t<span class=\"elementor-button-content-wrapper\">\n\t\t\t\t\t\t\t\t\t<span class=\"elementor-button-text\">Enviamos nossos produtos para todo o Brasil, com garantia e confiabilidade. Clique aqui e conhe\u00e7a a qualidade Visachi!<\/span>\n\t\t\t\t\t<\/span>\n\t\t\t\t\t<\/a>\n\t\t\t\t<\/div>\n\t\t\t\t\t\t\t\t<\/div>\n\t\t\t\t<\/div>\n\t\t\t\t\t<\/div>\n\t\t<\/div>\n\t\t\t\t\t<\/div>\n\t\t<\/section>\n\t\t\t\t<section class=\"elementor-section elementor-top-section elementor-element elementor-element-c140e0a elementor-section-boxed elementor-section-height-default elementor-section-height-default wpr-particle-no wpr-jarallax-no wpr-parallax-no wpr-sticky-section-no\" data-id=\"c140e0a\" data-element_type=\"section\">\n\t\t\t\t\t\t<div class=\"elementor-container elementor-column-gap-default\">\n\t\t\t\t\t<div class=\"elementor-column elementor-col-100 elementor-top-column elementor-element elementor-element-224c491\" data-id=\"224c491\" data-element_type=\"column\">\n\t\t\t<div class=\"elementor-widget-wrap\">\n\t\t\t\t\t\t\t<\/div>\n\t\t<\/div>\n\t\t\t\t\t<\/div>\n\t\t<\/section>\n\t\t\t\t<\/div>\n\t\t","protected":false},"excerpt":{"rendered":"<p>A maneira mais deliciosa de conectar-se com seus clientes e amigos! Descubra a oportunidade de oferecer bebidas de alta qualidade de forma pr\u00e1tica e sem desperd\u00edcios. Substitua o caf\u00e9 coado ou as c\u00e1psulas tradicionais por uma bebida saborosa, f\u00e1cil de preparar e com um pre\u00e7o justo. Nossos sach\u00eas s\u00e3o feitos de p\u00f3 sol\u00favel em \u00e1gua e n\u00e3o requerem m\u00e1quinas especiais, tornando a experi\u00eancia ainda mais acess\u00edvel. Al\u00e9m disso, apresentamos nossa linha institucional com pacotes de 1kg, perfeita para estabelecimentos que utilizam m\u00e1quinas vending ou para locais de grande consumo, como caf\u00e9s, lanchonetes e padarias. Agregue valor ao seu neg\u00f3cio e proporcione momentos especiais aos seus clientes com a qualidade Visachi! Encantamento Seja marcante, encante seus clientes e colaboradores servindo produtos com a m\u00e1xima qualidade. Praticidade R\u00e1pido e muito f\u00e1cil de preparar, basta adicionar \u00e1gua quente, sem sujeira e sem desperd\u00edcios. Economia Sem precisar sair de casa ou do trabalho e uma dose pode sair por menos de 60 centavos. Descubra a praticidade e o sabor dos produtos Visachi! Experimente nossos sach\u00eas de dose individual, perfeitos para preparar uma bebida deliciosa em qualquer lugar, sem desperd\u00edcios e sem m\u00e1quinas. O sabor que cabe no seu bolso! Conhe\u00e7a tamb\u00e9m os pouches com zip, que rendem aproximadamente 15 doses, oferecendo uma op\u00e7\u00e3o econ\u00f4mica e pr\u00e1tica. Basta adicionar \u00e1gua e surpreenda-se! Para atender \u00e0 alta demanda do seu neg\u00f3cio, nossa linha vending com embalagens de 1kg \u00e9 ideal para padarias e cafeterias, garantindo agilidade no atendimento sem abrir m\u00e3o da qualidade. Desenvolvidas por uma nutricionista, nossas formula\u00e7\u00f5es priorizam a sa\u00fade e o bem-estar. A Visachi utiliza apenas mat\u00e9rias-primas de primeira linha, evitando problemas nas m\u00e1quinas vending. Enviamos nossos produtos para todo o Brasil, com garantia e confiabilidade. Clique aqui e conhe\u00e7a a qualidade Visachi!<\/p>\n","protected":false},"author":2,"featured_media":0,"parent":0,"menu_order":0,"comment_status":"closed","ping_status":"closed","template":"elementor_header_footer","meta":{"footnotes":""},"class_list":["post-229","page","type-page","status-publish","hentry"],"_links":{"self":[{"href":"https:\/\/visachi.com.br\/blog\/wp-json\/wp\/v2\/pages\/229","targetHints":{"allow":["GET"]}}],"collection":[{"href":"https:\/\/visachi.com.br\/blog\/wp-json\/wp\/v2\/pages"}],"about":[{"href":"https:\/\/visachi.com.br\/blog\/wp-json\/wp\/v2\/types\/page"}],"author":[{"embeddable":true,"href":"https:\/\/visachi.com.br\/blog\/wp-json\/wp\/v2\/users\/2"}],"replies":[{"embeddable":true,"href":"https:\/\/visachi.com.br\/blog\/wp-json\/wp\/v2\/comments?post=229"}],"version-history":[{"count":38,"href":"https:\/\/visachi.com.br\/blog\/wp-json\/wp\/v2\/pages\/229\/revisions"}],"predecessor-version":[{"id":349,"href":"https:\/\/visachi.com.br\/blog\/wp-json\/wp\/v2\/pages\/229\/revisions\/349"}],"wp:attachment":[{"href":"https:\/\/visachi.com.br\/blog\/wp-json\/wp\/v2\/media?parent=229"}],"curies":[{"name":"wp","href":"https:\/\/api.w.org\/{rel}","templated":true}]}}